{"id":37,"date":"2024-09-03T13:32:48","date_gmt":"2024-09-03T13:32:48","guid":{"rendered":"https:\/\/www.nzzg.com.pl\/index.php\/podaruj\/"},"modified":"2026-03-27T06:16:03","modified_gmt":"2026-03-27T06:16:03","slug":"podaruj","status":"publish","type":"page","link":"https:\/\/www.nzzg.com.pl\/index.php\/podaruj\/","title":{"rendered":"PODARUJ"},"content":{"rendered":"\n    \n    <section class=\"u-clearfix u-container-align-left u-image lazyload u-section-2\" id=\"sec-0486\" data-image-width=\"5000\" data-image-height=\"2500\" data-bg=\"url(&quot;https:\/\/www.nzzg.com.pl\/wp-content\/uploads\/2024\/09\/17G9Pg.jpeg&quot;)\">\n      <div class=\"u-clearfix u-sheet u-sheet-1\">\n        <h1 class=\"u-align-left u-custom-font u-font-arial u-text u-text-body-alt-color u-text-1\"> Przekazywanie 1,5 procenta jest niezwykle proste i nie obci\u0105\u017ca podatnika \u017cadnymi kosztami. Aby to uczyni\u0107, <b>nale\u017cy w odpowiedniej rubryce formularza PIT wprowadzi\u0107 numer KRS organizacji, kt\u00f3r\u0105 chcemy wesprze\u0107.<\/b><b>Przekazaniem \u015brodk\u00f3w z 1,5% podatku zajm\u0105 si\u0119 ju\u017c urz\u0119dy skarbowe<\/b>. \n        <\/h1>\n        <h5 class=\"u-align-left u-text u-text-body-alt-color u-text-2\">Je\u017celi chcesz doda\u0107 osoby lub organizacje po\u017cytku publicznego - skontaktuj si\u0119 z administratorem strony w \"stopce\".<br>\n        <\/h5>\n      <\/div>\n    <\/section>\n    <section class=\"u-clearfix u-custom-color-2 u-section-3\" id=\"sec-7520\">\n      <div class=\"u-clearfix u-sheet u-valign-middle u-sheet-1\">\n        <div class=\"data-layout-selected u-clearfix u-expanded-width u-layout-wrap u-layout-wrap-1\">\n          <div class=\"u-layout\">\n            <div class=\"u-layout-row\">\n              <div class=\"u-size-35\">\n                <div class=\"u-layout-col\">\n                  <div class=\"u-container-align-center u-container-style u-image u-layout-cell u-size-60 lazyload u-image-1\" data-image-width=\"1280\" data-image-height=\"1032\" data-bg=\"url(&quot;https:\/\/www.nzzg.com.pl\/wp-content\/uploads\/2024\/09\/448430696300b444cf8d02fd3fdb632ff2bac465102a00e75c0b78c92e34887b72bfbc416a2edccd9f9efdcad8e70e1051edbe578df5983122e559_1280.jpg&quot;)\">\n                    <div class=\"u-border-1 u-border-black u-container-layout u-container-layout-1\"><\/div>\n                  <\/div>\n                <\/div>\n              <\/div>\n              <div class=\"u-size-25\">\n                <div class=\"u-layout-col\">\n                  <div class=\"u-container-style u-layout-cell u-size-60 u-layout-cell-2\">\n                    <div class=\"u-border-1 u-border-black u-container-layout u-container-layout-2\">\n                      <h2 class=\"u-text u-text-default u-text-1\">Fundacja \"<span style=\"font-weight: 700;\">TARA<\/span>\"<br>\n                      <\/h2>\n                      <h3 class=\"u-text u-text-default u-text-2\">Schronisko dla koni<br>\n                      <\/h3>\n                      <a href=\"https:\/\/fundacjatara.info\/\" class=\"u-align-center-xs u-border-1 u-border-hover-palette-4-base u-border-palette-4-base u-btn u-button-style u-hover-custom-color-1 u-none u-text-body-alt-color u-btn-1\" target=\"_blank\">wi\u0119cej<\/a>\n                    <\/div>\n                  <\/div>\n                <\/div>\n              <\/div>\n            <\/div>\n          <\/div>\n        <\/div>\n      <\/div>\n    <\/section>\n    <section class=\"u-clearfix u-container-align-center u-custom-color-1 u-section-4\" id=\"sec-1514\">\n      <div class=\"u-clearfix u-sheet u-valign-middle u-sheet-1\">\n        <div class=\"data-layout-selected u-clearfix u-expanded-width u-layout-wrap u-layout-wrap-1\">\n          <div class=\"u-layout\">\n            <div class=\"u-layout-row\">\n              <div class=\"u-container-align-center u-container-style u-image u-layout-cell u-size-39 lazyload u-image-1\" data-image-width=\"1125\" data-image-height=\"588\" data-bg=\"url(&quot;https:\/\/www.nzzg.com.pl\/wp-content\/uploads\/2024\/09\/Marcel.jpg&quot;)\">\n                <div class=\"u-border-1 u-border-black u-container-layout u-container-layout-1\"><\/div>\n              <\/div>\n              <div class=\"u-container-style u-layout-cell u-size-21 u-layout-cell-2\">\n                <div class=\"u-border-1 u-border-black u-container-layout u-container-layout-2\">\n                  <h2 class=\"u-text u-text-default u-text-1\">Pomoc dla<br>\n                  <\/h2>\n                  <h1 class=\"u-text u-text-default u-text-2\">Marcela<span style=\"font-weight: 700;\"><\/span>\n                  <\/h1>\n                  <a href=\"https:\/\/subkonta.jim.org\/nasze-dzieci\/profil?id=1260078\" class=\"u-border-1 u-border-hover-palette-4-base u-border-palette-4-base u-btn u-button-style u-hover-custom-color-2 u-none u-text-body-alt-color u-btn-1\" target=\"_blank\">wi\u0119cej<\/a>\n                <\/div>\n              <\/div>\n            <\/div>\n          <\/div>\n        <\/div>\n      <\/div>\n    <\/section>\n    <section class=\"u-clearfix u-container-align-center u-custom-color-2 u-section-5\" id=\"sec-c57c\">\n      <div class=\"u-clearfix u-sheet u-valign-middle u-sheet-1\">\n        <div class=\"data-layout-selected u-clearfix u-expanded-width u-layout-wrap u-layout-wrap-1\">\n          <div class=\"u-layout\">\n            <div class=\"u-layout-row\">\n              <div class=\"u-container-align-center u-container-style u-image u-layout-cell u-size-39 lazyload u-image-1\" data-image-width=\"1280\" data-image-height=\"853\" data-bg=\"url(&quot;https:\/\/www.nzzg.com.pl\/wp-content\/uploads\/2024\/09\/d29f7dd17b883fced2dd671c5d208d9a1dc12be53732ca8c8e98882989bd4d1cc68c4b9613c8d65edf83042bfb3138a6552dd15ac290700bebc408_1280.jpg&quot;)\">\n                <div class=\"u-border-1 u-border-black u-container-layout u-container-layout-1\"><\/div>\n              <\/div>\n              <div class=\"u-container-style u-layout-cell u-size-21 u-layout-cell-2\">\n                <div class=\"u-border-1 u-border-black u-container-layout u-container-layout-2\">\n                  <h2 class=\"u-text u-text-default u-text-1\">Fundacja <\/h2>\n                  <h1 class=\"u-text u-text-default u-text-2\">Maja<span style=\"font-weight: 700;\"><\/span>\n                  <\/h1>\n                  <a href=\"https:\/\/www.facebook.com\/fundacjamaja\" class=\"u-border-1 u-border-hover-palette-4-base u-border-palette-4-base u-btn u-button-style u-custom-color-1 u-hover-custom-color-2 u-text-body-alt-color u-btn-1\" target=\"_blank\">wi\u0119cej<\/a>\n                <\/div>\n              <\/div>\n            <\/div>\n          <\/div>\n        <\/div>\n      <\/div>\n    <\/section>\n    \n    \n    \n  \n","protected":false},"excerpt":{"rendered":"<p>Przekazywanie 1,5 procenta jest niezwykle proste i nie obci\u0105\u017ca podatnika \u017cadnymi kosztami. Aby to uczyni\u0107, nale\u017cy w odpowiedniej rubryce formularza PIT wprowadzi\u0107 numer KRS organizacji, kt\u00f3r\u0105 chcemy wesprze\u0107.Przekazaniem \u015brodk\u00f3w z 1,5% podatku zajm\u0105 si\u0119 ju\u017c urz\u0119dy skarbowe. Je\u017celi chcesz doda\u0107 osoby lub organizacje po\u017cytku publicznego &#8211; skontaktuj si\u0119 z administratorem strony w &#8222;stopce&#8221;. Fundacja &#8222;TARA&#8221; &hellip; <a href=\"https:\/\/www.nzzg.com.pl\/index.php\/podaruj\/\" class=\"more-link\">Continue reading<span class=\"screen-reader-text\"> &#8222;PODARUJ&#8221;<\/span><\/a><\/p>\n","protected":false},"author":1,"featured_media":0,"parent":0,"menu_order":1,"comment_status":"closed","ping_status":"closed","template":"","meta":{"ngg_post_thumbnail":0,"footnotes":""},"class_list":["post-37","page","type-page","status-publish","hentry"],"_links":{"self":[{"href":"https:\/\/www.nzzg.com.pl\/index.php\/wp-json\/wp\/v2\/pages\/37","targetHints":{"allow":["GET"]}}],"collection":[{"href":"https:\/\/www.nzzg.com.pl\/index.php\/wp-json\/wp\/v2\/pages"}],"about":[{"href":"https:\/\/www.nzzg.com.pl\/index.php\/wp-json\/wp\/v2\/types\/page"}],"author":[{"embeddable":true,"href":"https:\/\/www.nzzg.com.pl\/index.php\/wp-json\/wp\/v2\/users\/1"}],"replies":[{"embeddable":true,"href":"https:\/\/www.nzzg.com.pl\/index.php\/wp-json\/wp\/v2\/comments?post=37"}],"version-history":[{"count":5,"href":"https:\/\/www.nzzg.com.pl\/index.php\/wp-json\/wp\/v2\/pages\/37\/revisions"}],"predecessor-version":[{"id":650,"href":"https:\/\/www.nzzg.com.pl\/index.php\/wp-json\/wp\/v2\/pages\/37\/revisions\/650"}],"wp:attachment":[{"href":"https:\/\/www.nzzg.com.pl\/index.php\/wp-json\/wp\/v2\/media?parent=37"}],"curies":[{"name":"wp","href":"https:\/\/api.w.org\/{rel}","templated":true}]}}