{"id":39,"date":"2024-09-03T13:32:50","date_gmt":"2024-09-03T13:32:50","guid":{"rendered":"https:\/\/www.nzzg.com.pl\/index.php\/swiadczenia\/"},"modified":"2024-09-03T13:32:58","modified_gmt":"2024-09-03T13:32:58","slug":"swiadczenia","status":"publish","type":"page","link":"https:\/\/www.nzzg.com.pl\/index.php\/swiadczenia\/","title":{"rendered":"\u015aWIADCZENIA"},"content":{"rendered":"\n  \n    <section class=\"u-align-center u-clearfix u-container-align-center u-custom-color-1 u-section-1\" id=\"sec-7d55\">\n      <div class=\"u-clearfix u-sheet u-sheet-1\">\n        <div class=\"u-expanded-width u-tab-links-align-justify u-tabs u-tabs-1\">\n          <ul class=\"u-spacing-10 u-tab-list u-unstyled\" role=\"tablist\"><li class=\"u-tab-item\" role=\"presentation\"><a class=\"active u-active-custom-color-2 u-button-style u-grey-10 u-tab-link u-text-active-white u-text-black u-tab-link-1\" id=\"link-tab-0da5\" href=\"#tab-0da5\" role=\"tab\" aria-controls=\"tab-0da5\" aria-selected=\"true\">\u015bwiadczenia<\/a>\n<\/li><li class=\"u-tab-item\" role=\"presentation\"><a class=\"u-active-custom-color-2 u-button-style u-grey-10 u-tab-link u-text-active-white u-text-black u-tab-link-2\" id=\"link-tab-6333\" href=\"#tab-6333\" role=\"tab\" aria-controls=\"tab-6333\" aria-selected=\"false\">odprawy<\/a>\n<\/li><li class=\"u-tab-item\" role=\"presentation\"><a class=\"u-active-custom-color-2 u-button-style u-grey-10 u-tab-link u-text-active-white u-text-black u-tab-link-3\" id=\"link-tab-ddbe\" href=\"#tab-ddbe\" role=\"tab\" aria-controls=\"tab-ddbe\" aria-selected=\"false\">dofinansowania<\/a>\n<\/li><\/ul>\n          <div class=\"u-tab-content\">\n            <div class=\"u-container-style u-custom-color-2 u-tab-active u-tab-pane u-tab-pane-1\" id=\"tab-0da5\" role=\"tabpanel\" aria-labelledby=\"link-tab-0da5\">\n              <div class=\"u-container-layout u-valign-top u-container-layout-1\">\n                <h4 class=\"u-text u-text-default u-text-1\">\u015bwiadczenia przys\u0142uguj\u0105ce cz\u0142onkom zwi\u0105zku:<br>\n                <\/h4>\n                <div class=\"u-expanded-width u-table u-table-responsive u-table-1\">\n                  <table class=\"u-table-entity\">\n                    <colgroup>\n                      <col width=\"50%\">\n                      <col width=\"50%\">\n                    <\/colgroup>\n                    <tbody class=\"u-table-alt-grey-5 u-table-body\">\n                      <tr style=\"height: 51px;\">\n                        <td class=\"u-border-2 u-border-grey-75 u-table-cell\">\u015blub cz\u0142onka zwi\u0105zku<br>\n                        <\/td>\n                        <td class=\"u-border-2 u-border-grey-75 u-table-cell\">450 z\u0142<br>\n                        <\/td>\n                      <\/tr>\n                      <tr style=\"height: 51px;\">\n                        <td class=\"u-border-2 u-border-grey-75 u-table-cell\">urodzenie dziecka<br>\n                        <\/td>\n                        <td class=\"u-border-2 u-border-grey-75 u-table-cell\">1000 z\u0142<br>\n                        <\/td>\n                      <\/tr>\n                      <tr style=\"height: 51px;\">\n                        <td class=\"u-border-2 u-border-grey-75 u-table-cell\">dofinansowanie imprez oddzia\u0142owych<br>\n                        <\/td>\n                        <td class=\"u-border-2 u-border-grey-75 u-table-cell\">160 z\u0142<br>\n                        <\/td>\n                      <\/tr>\n                      <tr style=\"height: 51px;\">\n                        <td class=\"u-border-2 u-border-grey-75 u-table-cell\">zgon cz\u0142onka zwi\u0105zku<br>\n                        <\/td>\n                        <td class=\"u-border-2 u-border-grey-75 u-table-cell\">1200 z\u0142<br>\n                        <\/td>\n                      <\/tr>\n                      <tr style=\"height: 52px;\">\n                        <td class=\"u-border-2 u-border-grey-75 u-table-cell\">zgon cz\u0142onka rodziny<br>\n                        <\/td>\n                        <td class=\"u-border-2 u-border-grey-75 u-table-cell\">300 z\u0142<br>\n                        <\/td>\n                      <\/tr>\n                      <tr style=\"height: 52px;\">\n                        <td class=\"u-border-2 u-border-grey-75 u-table-cell\">wi\u0105zanka pogrzebowa<br>\n                        <\/td>\n                        <td class=\"u-border-2 u-border-grey-75 u-table-cell\">150 z\u0142<br>\n                        <\/td>\n                      <\/tr>\n                    <\/tbody>\n                  <\/table>\n                <\/div>\n              <\/div>\n            <\/div>\n            <div class=\"u-container-style u-custom-color-2 u-tab-pane u-tab-pane-2\" id=\"tab-6333\" role=\"tabpanel\" aria-labelledby=\"link-tab-6333\">\n              <div class=\"u-container-layout u-valign-top u-container-layout-2\">\n                <h4 class=\"u-text u-text-default u-text-2\">odprawy&nbsp; emerytalno-rentowe w zale\u017cno\u015bci od sta\u017cu zwi\u0105zkowego:<br>\n                <\/h4>\n                <div class=\"u-expanded-width u-table u-table-responsive u-table-2\">\n                  <table class=\"u-table-entity\">\n                    <colgroup>\n                      <col width=\"50%\">\n                      <col width=\"50%\">\n                    <\/colgroup>\n                    <tbody class=\"u-table-alt-grey-5 u-table-body\">\n                      <tr style=\"height: 51px;\">\n                        <td class=\"u-border-2 u-border-grey-75 u-table-cell\">2 - 15 lat<br>\n                        <\/td>\n                        <td class=\"u-border-2 u-border-grey-75 u-table-cell\">300 z\u0142<br>\n                        <\/td>\n                      <\/tr>\n                      <tr style=\"height: 51px;\">\n                        <td class=\"u-border-2 u-border-grey-75 u-table-cell\">15 - 30 lat<br>\n                        <\/td>\n                        <td class=\"u-border-2 u-border-grey-75 u-table-cell\">350 z\u0142<br>\n                        <\/td>\n                      <\/tr>\n                      <tr style=\"height: 51px;\">\n                        <td class=\"u-border-2 u-border-grey-75 u-table-cell\">30 - 35 lat<br>\n                        <\/td>\n                        <td class=\"u-border-2 u-border-grey-75 u-table-cell\">500 z\u0142<br>\n                        <\/td>\n                      <\/tr>\n                      <tr style=\"height: 51px;\">\n                        <td class=\"u-border-2 u-border-grey-75 u-table-cell\">powy\u017cej 35 lat<br>\n                        <\/td>\n                        <td class=\"u-border-2 u-border-grey-75 u-table-cell\">650 z\u0142<br>\n                        <\/td>\n                      <\/tr>\n                    <\/tbody>\n                  <\/table>\n                <\/div>\n              <\/div>\n            <\/div>\n            <div class=\"u-container-style u-custom-color-2 u-tab-pane u-tab-pane-3\" id=\"tab-ddbe\" role=\"tabpanel\" aria-labelledby=\"link-tab-ddbe\">\n              <div class=\"u-container-layout u-valign-top u-container-layout-3\">\n                <h4 class=\"u-text u-text-default u-text-3\">dofinansowania do wypoczynku dzieci cz\u0142onk\u00f3w zwi\u0105zku:<br>\n                <\/h4>\n                <div class=\"u-expanded-width u-table u-table-responsive u-table-3\">\n                  <table class=\"u-table-entity\">\n                    <colgroup>\n                      <col width=\"50%\">\n                      <col width=\"50%\">\n                    <\/colgroup>\n                    <tbody class=\"u-table-alt-grey-5 u-table-body\">\n                      <tr style=\"height: 51px;\">\n                        <td class=\"u-border-2 u-border-grey-75 u-table-cell\">latem<\/td>\n                        <td class=\"u-border-2 u-border-grey-75 u-table-cell\">100 z\u0142<br>\n                        <\/td>\n                      <\/tr>\n                      <tr style=\"height: 51px;\">\n                        <td class=\"u-border-2 u-border-grey-75 u-table-cell\">zim\u0105<\/td>\n                        <td class=\"u-border-2 u-border-grey-75 u-table-cell\">100 z\u0142<br>\n                        <\/td>\n                      <\/tr>\n                    <\/tbody>\n                  <\/table>\n                <\/div>\n              <\/div>\n            <\/div>\n          <\/div>\n        <\/div>\n      <\/div>\n    <\/section>\n    \n    \n    \n    \n  \n","protected":false},"excerpt":{"rendered":"<p>\u015bwiadczenia odprawy dofinansowania \u015bwiadczenia przys\u0142uguj\u0105ce cz\u0142onkom zwi\u0105zku: \u015blub cz\u0142onka zwi\u0105zku 450 z\u0142 urodzenie dziecka 1000 z\u0142 dofinansowanie imprez oddzia\u0142owych 160 z\u0142 zgon cz\u0142onka zwi\u0105zku 1200 z\u0142 zgon cz\u0142onka rodziny 300 z\u0142 wi\u0105zanka pogrzebowa 150 z\u0142 odprawy&nbsp; emerytalno-rentowe w zale\u017cno\u015bci od sta\u017cu zwi\u0105zkowego: 2 &#8211; 15 lat 300 z\u0142 15 &#8211; 30 lat 350 z\u0142 30 &hellip; <a href=\"https:\/\/www.nzzg.com.pl\/index.php\/swiadczenia\/\" class=\"more-link\">Continue reading<span class=\"screen-reader-text\"> &#8222;\u015aWIADCZENIA&#8221;<\/span><\/a><\/p>\n","protected":false},"author":1,"featured_media":0,"parent":0,"menu_order":3,"comment_status":"closed","ping_status":"closed","template":"","meta":{"ngg_post_thumbnail":0,"footnotes":""},"class_list":["post-39","page","type-page","status-publish","hentry"],"_links":{"self":[{"href":"https:\/\/www.nzzg.com.pl\/index.php\/wp-json\/wp\/v2\/pages\/39","targetHints":{"allow":["GET"]}}],"collection":[{"href":"https:\/\/www.nzzg.com.pl\/index.php\/wp-json\/wp\/v2\/pages"}],"about":[{"href":"https:\/\/www.nzzg.com.pl\/index.php\/wp-json\/wp\/v2\/types\/page"}],"author":[{"embeddable":true,"href":"https:\/\/www.nzzg.com.pl\/index.php\/wp-json\/wp\/v2\/users\/1"}],"replies":[{"embeddable":true,"href":"https:\/\/www.nzzg.com.pl\/index.php\/wp-json\/wp\/v2\/comments?post=39"}],"version-history":[{"count":1,"href":"https:\/\/www.nzzg.com.pl\/index.php\/wp-json\/wp\/v2\/pages\/39\/revisions"}],"predecessor-version":[{"id":49,"href":"https:\/\/www.nzzg.com.pl\/index.php\/wp-json\/wp\/v2\/pages\/39\/revisions\/49"}],"wp:attachment":[{"href":"https:\/\/www.nzzg.com.pl\/index.php\/wp-json\/wp\/v2\/media?parent=39"}],"curies":[{"name":"wp","href":"https:\/\/api.w.org\/{rel}","templated":true}]}}