{"id":43,"date":"2024-09-03T13:32:54","date_gmt":"2024-09-03T13:32:54","guid":{"rendered":"https:\/\/www.nzzg.com.pl\/index.php\/mpkzp\/"},"modified":"2026-02-23T05:18:24","modified_gmt":"2026-02-23T05:18:24","slug":"mpkzp","status":"publish","type":"page","link":"https:\/\/www.nzzg.com.pl\/index.php\/mpkzp\/","title":{"rendered":"MPKZP"},"content":{"rendered":"\n    \n    <section class=\"u-align-center u-clearfix u-container-align-center u-custom-color-1 u-section-2\" id=\"sec-4d4e\">\n      <div class=\"u-clearfix u-sheet u-sheet-1\">\n        <h2 class=\"u-align-center u-text u-text-default u-text-1\">Harmonogram pracy MPKZP na 2026 rok<br>\n        <\/h2>\n        <h5 class=\"u-align-center u-text u-text-default u-text-2\">tel - 5979 <br>\n        <\/h5>\n        <div class=\"u-expanded-width u-table u-table-responsive u-table-1\">\n          <table class=\"u-table-entity u-table-entity-1\">\n            <colgroup>\n              <col width=\"33.6%\">\n              <col width=\"33%\">\n              <col width=\"33.400000000000006%\">\n            <\/colgroup>\n            <tbody class=\"u-align-center u-table-alt-grey-5 u-table-body\">\n              <tr style=\"height: 30px;\">\n                <td class=\"u-border-1 u-border-custom-color-2 u-table-cell\">Termin sk\u0142adania wniosk\u00f3w<br>\n                <\/td>\n                <td class=\"u-border-1 u-border-custom-color-2 u-table-cell\">posiedzenie zarz\u0105du<br>\n                <\/td>\n                <td class=\"u-border-1 u-border-custom-color-2 u-table-cell\">wyp\u0142aty po\u017cyczek<br>\n                <\/td>\n              <\/tr>\n              <tr style=\"height: 65px;\">\n                <td class=\"u-border-1 u-border-custom-color-2 u-table-cell\">09 - stycze\u0144<br>\n                <\/td>\n                <td class=\"u-border-1 u-border-custom-color-2 u-table-cell\">16 - stycze\u0144<br>\n                <\/td>\n                <td class=\"u-border-1 u-border-custom-color-2 u-table-cell\">23 - stycze\u0144<br>\n                <\/td>\n              <\/tr>\n              <tr style=\"height: 65px;\">\n                <td class=\"u-border-1 u-border-custom-color-2 u-table-cell\">06 - luty<br>\n                <\/td>\n                <td class=\"u-border-1 u-border-custom-color-2 u-table-cell\">13 - luty<br>\n                <\/td>\n                <td class=\"u-border-1 u-border-custom-color-2 u-table-cell\">20 - luty<br>\n                <\/td>\n              <\/tr>\n              <tr style=\"height: 65px;\">\n                <td class=\"u-border-1 u-border-custom-color-2 u-table-cell\">06 - marzec<br>\n                <\/td>\n                <td class=\"u-border-1 u-border-custom-color-2 u-table-cell\">13 - marzec<br>\n                <\/td>\n                <td class=\"u-border-1 u-border-custom-color-2 u-table-cell\">20 - marzec<br>\n                <\/td>\n              <\/tr>\n              <tr style=\"height: 65px;\">\n                <td class=\"u-border-1 u-border-custom-color-2 u-table-cell\">09 - kwiecie\u0144<br>\n                <\/td>\n                <td class=\"u-border-1 u-border-custom-color-2 u-table-cell\">16 - kwiecie\u0144<br>\n                <\/td>\n                <td class=\"u-border-1 u-border-custom-color-2 u-table-cell\">23 - kwiecie\u0144<br>\n                <\/td>\n              <\/tr>\n              <tr style=\"height: 65px;\">\n                <td class=\"u-border-1 u-border-custom-color-2 u-table-cell\">08 - maj<br>\n                <\/td>\n                <td class=\"u-border-1 u-border-custom-color-2 u-table-cell\">15 - maj<br>\n                <\/td>\n                <td class=\"u-border-1 u-border-custom-color-2 u-table-cell\">22 - maj<br>\n                <\/td>\n              <\/tr>\n              <tr style=\"height: 65px;\">\n                <td class=\"u-border-1 u-border-custom-color-2 u-table-cell\">09 - czerwiec<br>\n                <\/td>\n                <td class=\"u-border-1 u-border-custom-color-2 u-table-cell\">15 - czerwiec<br>\n                <\/td>\n                <td class=\"u-border-1 u-border-custom-color-2 u-table-cell\">19 - czerwiec<br>\n                <\/td>\n              <\/tr>\n              <tr style=\"height: 65px;\">\n                <td class=\"u-border-1 u-border-custom-color-2 u-table-cell\">09 - lipiec<br>\n                <\/td>\n                <td class=\"u-border-1 u-border-custom-color-2 u-table-cell\">16 - lipiec<br>\n                <\/td>\n                <td class=\"u-border-1 u-border-custom-color-2 u-table-cell\">23&nbsp; - lipiec<br>\n                <\/td>\n              <\/tr>\n              <tr style=\"height: 65px;\">\n                <td class=\"u-border-1 u-border-custom-color-2 u-table-cell\">07 - sierpie\u0144<br>\n                <\/td>\n                <td class=\"u-border-1 u-border-custom-color-2 u-table-cell\">13 - sierpie\u0144<br>\n                <\/td>\n                <td class=\"u-border-1 u-border-custom-color-2 u-table-cell\">21 - sierpie\u0144<br>\n                <\/td>\n              <\/tr>\n              <tr style=\"height: 65px;\">\n                <td class=\"u-border-1 u-border-custom-color-2 u-table-cell\">08 - wrzesie\u0144<br>\n                <\/td>\n                <td class=\"u-border-1 u-border-custom-color-2 u-table-cell\">15- wrzesie\u0144<br>\n                <\/td>\n                <td class=\"u-border-1 u-border-custom-color-2 u-table-cell\">22 - wrzesie\u0144<br>\n                <\/td>\n              <\/tr>\n              <tr style=\"height: 65px;\">\n                <td class=\"u-border-1 u-border-custom-color-2 u-table-cell\">09 - pa\u017adziernik<br>\n                <\/td>\n                <td class=\"u-border-1 u-border-custom-color-2 u-table-cell\">16 - pa\u017adziernik<br>\n                <\/td>\n                <td class=\"u-border-1 u-border-custom-color-2 u-table-cell\">23 - pa\u017adziernik<br>\n                <\/td>\n              <\/tr>\n              <tr style=\"height: 65px;\">\n                <td class=\"u-border-1 u-border-custom-color-2 u-table-cell\">09 - listopad<br>\n                <\/td>\n                <td class=\"u-border-1 u-border-custom-color-2 u-table-cell\">17 - listopad<br>\n                <\/td>\n                <td class=\"u-border-1 u-border-custom-color-2 u-table-cell\">24 - listopad<br>\n                <\/td>\n              <\/tr>\n              <tr style=\"height: 65px;\">\n                <td class=\"u-border-1 u-border-custom-color-2 u-table-cell\">08 - grudzie\u0144<br>\n                <\/td>\n                <td class=\"u-border-1 u-border-custom-color-2 u-table-cell\">14 - grudzie\u0144<br>\n                <\/td>\n                <td class=\"u-border-1 u-border-custom-color-2 u-table-cell\">18 - grudzie\u0144<br>\n                <\/td>\n              <\/tr>\n            <\/tbody>\n          <\/table>\n        <\/div>\n      <\/div>\n    <\/section>\n    \n    \n    \n  \n","protected":false},"excerpt":{"rendered":"<p>Harmonogram pracy MPKZP na 2026 rok tel &#8211; 5979 Termin sk\u0142adania wniosk\u00f3w posiedzenie zarz\u0105du wyp\u0142aty po\u017cyczek 09 &#8211; stycze\u0144 16 &#8211; stycze\u0144 23 &#8211; stycze\u0144 06 &#8211; luty 13 &#8211; luty 20 &#8211; luty 06 &#8211; marzec 13 &#8211; marzec 20 &#8211; marzec 09 &#8211; kwiecie\u0144 16 &#8211; kwiecie\u0144 23 &#8211; kwiecie\u0144 08 &#8211; maj &hellip; <a href=\"https:\/\/www.nzzg.com.pl\/index.php\/mpkzp\/\" class=\"more-link\">Continue reading<span class=\"screen-reader-text\"> &#8222;MPKZP&#8221;<\/span><\/a><\/p>\n","protected":false},"author":1,"featured_media":0,"parent":0,"menu_order":7,"comment_status":"closed","ping_status":"closed","template":"","meta":{"ngg_post_thumbnail":0,"footnotes":""},"class_list":["post-43","page","type-page","status-publish","hentry"],"_links":{"self":[{"href":"https:\/\/www.nzzg.com.pl\/index.php\/wp-json\/wp\/v2\/pages\/43","targetHints":{"allow":["GET"]}}],"collection":[{"href":"https:\/\/www.nzzg.com.pl\/index.php\/wp-json\/wp\/v2\/pages"}],"about":[{"href":"https:\/\/www.nzzg.com.pl\/index.php\/wp-json\/wp\/v2\/types\/page"}],"author":[{"embeddable":true,"href":"https:\/\/www.nzzg.com.pl\/index.php\/wp-json\/wp\/v2\/users\/1"}],"replies":[{"embeddable":true,"href":"https:\/\/www.nzzg.com.pl\/index.php\/wp-json\/wp\/v2\/comments?post=43"}],"version-history":[{"count":6,"href":"https:\/\/www.nzzg.com.pl\/index.php\/wp-json\/wp\/v2\/pages\/43\/revisions"}],"predecessor-version":[{"id":607,"href":"https:\/\/www.nzzg.com.pl\/index.php\/wp-json\/wp\/v2\/pages\/43\/revisions\/607"}],"wp:attachment":[{"href":"https:\/\/www.nzzg.com.pl\/index.php\/wp-json\/wp\/v2\/media?parent=43"}],"curies":[{"name":"wp","href":"https:\/\/api.w.org\/{rel}","templated":true}]}}