{"id":44,"date":"2024-09-03T13:32:55","date_gmt":"2024-09-03T13:32:55","guid":{"rendered":"https:\/\/www.nzzg.com.pl\/index.php\/kontakt\/"},"modified":"2024-09-03T13:32:59","modified_gmt":"2024-09-03T13:32:59","slug":"kontakt","status":"publish","type":"page","link":"https:\/\/www.nzzg.com.pl\/index.php\/kontakt\/","title":{"rendered":"KONTAKT"},"content":{"rendered":"\n  \n    <section class=\"u-align-center-lg u-align-center-md u-align-center-xl u-align-left-sm u-align-left-xs u-clearfix u-custom-color-1 u-section-1\" id=\"sec-4995\">\n      <div class=\"u-clearfix u-sheet u-sheet-1\">\n        <h2 class=\"u-text u-text-default u-text-1\">Kontakt<\/h2>\n        <div class=\"data-layout-selected u-clearfix u-expanded-width u-gutter-10 u-layout-wrap u-layout-wrap-1\">\n          <div class=\"u-layout\">\n            <div class=\"u-layout-col\">\n              <div class=\"u-size-30\">\n                <div class=\"u-layout-col\">\n                  <div class=\"u-container-style u-layout-cell u-left-cell u-right-cell u-size-60 u-layout-cell-1\">\n                    <div class=\"u-container-layout u-container-layout-1\">\n                      <div class=\"u-expanded u-grey-light-2 u-hidden-xs u-map\">\n                        <div class=\"embed-responsive\">\n                          <iframe class=\"embed-responsive-item lazyload\" data-map=\"JTdCJTIycG9zaXRpb25UeXBlJTIyJTNBJTIybWFwLWFkZHJlc3MlMjIlMkMlMjJhZGRyZXNzJTIyJTNBJTIyRyVDMyVCM3JuaWslQzMlQjN3JTIwVHVyb3dhJTIwMSUyMiUyQyUyMnpvb20lMjIlM0ExNSUyQyUyMnR5cGVJZCUyMiUzQSUyMnJvYWQlMjIlMkMlMjJsYW5nJTIyJTNBJTIyJTIyJTdE\" data-src=\"https:\/\/maps.google.com\/maps?output=embed&amp;q=G%C3%B3rnik%C3%B3w%20Turowa%201&amp;z=15&amp;t=m\"><\/iframe>\n                        <\/div>\n                      <\/div>\n                    <\/div>\n                  <\/div>\n                <\/div>\n              <\/div>\n              <div class=\"u-size-30\">\n                <div class=\"u-layout-row\">\n                  <div class=\"u-align-left u-container-align-left u-container-style u-layout-cell u-left-cell u-size-30 u-layout-cell-2\">\n                    <div class=\"u-container-layout u-container-layout-2\">\n                      <h2 class=\"u-text u-text-2\">NZZG<\/h2>\n                      <p class=\"u-text u-text-3\">G\u00f3rnik\u00f3w Turowa 1<\/p>\n                      <p class=\"u-text u-text-4\">59-916 Bogatynia <br>\n                      <\/p>\n                      <p class=\"u-text u-text-5\">75 773 56 87<\/p>\n                    <\/div>\n                  <\/div>\n                  <div class=\"u-align-left u-container-align-left u-container-style u-layout-cell u-right-cell u-size-30 u-layout-cell-3\">\n                    <div class=\"u-container-layout u-valign-top u-container-layout-3\">\n                      <div class=\"u-form u-form-1\">\n                        <form action=\"https:\/\/forms.nicepagesrv.com\/v2\/form\/process\" class=\"u-clearfix u-form-spacing-10 u-form-vertical u-inner-form\" style=\"padding: 10px;\" source=\"email\" name=\"form-3\">\n                          <div class=\"u-form-group u-form-name u-label-none\">\n                            <label for=\"name-5485\" class=\"u-label\">Twoje imi\u0119<\/label>\n                            <input type=\"text\" placeholder=\"Twoje imi\u0119\" id=\"name-5485\" name=\"name\" class=\"u-input u-input-rectangle\" required=\"\">\n                          <\/div>\n                          <div class=\"u-form-email u-form-group u-label-none\">\n                            <label for=\"email-5485\" class=\"u-label\">Email<\/label>\n                            <input type=\"email\" placeholder=\"Tw\u00f3j email\" id=\"email-5485\" name=\"email\" class=\"u-input u-input-rectangle\" required=\"\">\n                          <\/div>\n                          <div class=\"u-form-group u-form-message u-label-none\">\n                            <label for=\"message-5485\" class=\"u-label\">Address<\/label>\n                            <textarea placeholder=\"Tre\u015b\u0107 wiadomo\u015bci\" rows=\"4\" cols=\"50\" id=\"message-5485\" name=\"message\" class=\"u-input u-input-rectangle\" required=\"\"><\/textarea>\n                          <\/div>\n                          <div class=\"u-form-group u-form-submit\">\n                            <a href=\"#\" class=\"u-border-2 u-border-active-palette-5-base u-border-grey-75 u-border-hover-palette-3-base u-btn u-btn-submit u-button-style u-hover-palette-1-dark-1 u-palette-1-base u-btn-1\">wy\u015blij<\/a>\n                            <input type=\"submit\" value=\"submit\" class=\"u-form-control-hidden\">\n                          <\/div>\n                          <div class=\"u-form-send-message u-form-send-success\">Thank you! Your message has been sent.<\/div>\n                          <div class=\"u-form-send-error u-form-send-message\">Unable to send your message. Please fix errors then try again.<\/div>\n                          <input type=\"hidden\" value=\"\" name=\"recaptchaResponse\">\n                        <\/form>\n                      <\/div>\n                    <\/div>\n                  <\/div>\n                <\/div>\n              <\/div>\n            <\/div>\n          <\/div>\n        <\/div>\n      <\/div>\n    <\/section>\n    \n    \n    \n    \n  \n","protected":false},"excerpt":{"rendered":"<p>Kontakt NZZG G\u00f3rnik\u00f3w Turowa 1 59-916 Bogatynia 75 773 56 87 Twoje imi\u0119 Email Address wy\u015blij Thank you! Your message has been sent. Unable to send your message. Please fix errors then try again.<\/p>\n","protected":false},"author":1,"featured_media":0,"parent":0,"menu_order":8,"comment_status":"closed","ping_status":"closed","template":"","meta":{"ngg_post_thumbnail":0,"footnotes":""},"class_list":["post-44","page","type-page","status-publish","hentry"],"_links":{"self":[{"href":"https:\/\/www.nzzg.com.pl\/index.php\/wp-json\/wp\/v2\/pages\/44","targetHints":{"allow":["GET"]}}],"collection":[{"href":"https:\/\/www.nzzg.com.pl\/index.php\/wp-json\/wp\/v2\/pages"}],"about":[{"href":"https:\/\/www.nzzg.com.pl\/index.php\/wp-json\/wp\/v2\/types\/page"}],"author":[{"embeddable":true,"href":"https:\/\/www.nzzg.com.pl\/index.php\/wp-json\/wp\/v2\/users\/1"}],"replies":[{"embeddable":true,"href":"https:\/\/www.nzzg.com.pl\/index.php\/wp-json\/wp\/v2\/comments?post=44"}],"version-history":[{"count":1,"href":"https:\/\/www.nzzg.com.pl\/index.php\/wp-json\/wp\/v2\/pages\/44\/revisions"}],"predecessor-version":[{"id":54,"href":"https:\/\/www.nzzg.com.pl\/index.php\/wp-json\/wp\/v2\/pages\/44\/revisions\/54"}],"wp:attachment":[{"href":"https:\/\/www.nzzg.com.pl\/index.php\/wp-json\/wp\/v2\/media?parent=44"}],"curies":[{"name":"wp","href":"https:\/\/api.w.org\/{rel}","templated":true}]}}