{"id":45,"date":"2024-09-03T13:32:56","date_gmt":"2024-09-03T13:32:56","guid":{"rendered":"https:\/\/www.nzzg.com.pl\/index.php\/home\/"},"modified":"2026-03-27T06:17:55","modified_gmt":"2026-03-27T06:17:55","slug":"home","status":"publish","type":"page","link":"https:\/\/www.nzzg.com.pl\/","title":{"rendered":"HOME"},"content":{"rendered":"\n    \n    <section class=\"u-clearfix u-custom-color-1 u-section-2\" id=\"block-2\">\n      <div class=\"u-clearfix u-sheet u-sheet-1\">\n        <img class=\"u-absolute-hcenter u-expanded u-hidden-xs u-image lazyload u-image-1\" data-image-width=\"1553\" data-image-height=\"1024\" data-src=\"https:\/\/www.nzzg.com.pl\/wp-content\/uploads\/2026\/03\/wielkanoc2026.jpg\" loading=\"lazy\">\n      <\/div>\n    <\/section>\n    <section class=\"u-clearfix u-container-align-center u-custom-color-1 u-section-3\" id=\"sec-057b\">\n      <div class=\"u-clearfix u-sheet u-sheet-1\">\n        <div class=\"u-blog u-container-style u-expanded-width u-layout-grid u-pagination-center u-blog-1 u-hidden-visibility\"  data-items-per-page=\"9\" data-max-items=\"9\" data-blog-source-type=\"Recent\" data-site-sorting-prop=\"created\" data-site-sorting-order=\"desc\">\n          <div class=\"u-list-control\"><\/div>\n          <div class=\"u-repeater u-repeater-1\">\n            <div class=\"u-blog-post u-border-1 u-border-white u-container-style u-custom-color-2 u-repeater-item u-repeater-item-1\">\n              <div class=\"u-container-layout u-similar-container u-container-layout-1\"><a class=\"u-blog-control u-expanded-width u-image u-image-default lazyload u-image-1\" href=\"https:\/\/www.nzzg.com.pl\/index.php\/2026\/03\/24\/wycieczka-jednodniowa\/\">\n                <img alt=\"\" class=\"u-blog-control u-expanded-width u-image u-image-default lazyload u-image-1\" data-src=\"https:\/\/www.nzzg.com.pl\/wp-content\/uploads\/2025\/11\/photo-1626695436755-3e288720849c.jpeg\" loading=\"lazy\"><\/a>\n                <h4 class=\"u-align-center u-blog-control u-text u-text-1\">\n                  <a class=\"u-post-header-link\" href=\"https:\/\/www.nzzg.com.pl\/index.php\/2026\/03\/24\/wycieczka-jednodniowa\/\">Wycieczka jednodniowa<\/a>\n                <\/h4>\n                <div class=\"u-align-center-xs u-blog-control u-metadata u-metadata-1\"><span class=\"u-meta-date u-meta-icon\">24 marca, 2026<\/span>\n                <\/div>\n                <a href=\"https:\/\/www.nzzg.com.pl\/index.php\/2026\/03\/24\/wycieczka-jednodniowa\/\" class=\"u-align-center u-blog-control u-btn u-button-style u-btn-1\">wi\u0119cej<\/a>\n              <\/div>\n            <\/div>\n            <div class=\"u-blog-post u-border-1 u-border-white u-container-style u-custom-color-2 u-repeater-item u-video-cover\">\n              <div class=\"u-container-layout u-similar-container u-container-layout-2\"><a class=\"u-blog-control u-expanded-width u-image u-image-default lazyload u-image-2\" href=\"https:\/\/www.nzzg.com.pl\/index.php\/2026\/01\/17\/15-edycja-dnia-kobiet\/\">\n                <img alt=\"\" class=\"u-blog-control u-expanded-width u-image u-image-default lazyload u-image-2\" data-src=\"https:\/\/www.nzzg.com.pl\/wp-content\/uploads\/2025\/03\/6e39625009bac0dad155570ada4a9ab78a6f761d92d643359c37e3040a9d5e3c444c4ca22a7b29f7640d0397d2c647fd62c96f2d0676373297297f_1280.jpg\" loading=\"lazy\"><\/a>\n                <h4 class=\"u-align-center u-blog-control u-text u-text-2\">\n                  <a class=\"u-post-header-link\" href=\"https:\/\/www.nzzg.com.pl\/index.php\/2026\/01\/17\/15-edycja-dnia-kobiet\/\">15 edycja Dnia Kobiet<\/a>\n                <\/h4>\n                <div class=\"u-align-center-xs u-blog-control u-metadata u-metadata-2\"><span class=\"u-meta-date u-meta-icon\">17 stycznia, 2026<\/span>\n                <\/div>\n                <a href=\"https:\/\/www.nzzg.com.pl\/index.php\/2026\/01\/17\/15-edycja-dnia-kobiet\/\" class=\"u-align-center u-blog-control u-btn u-button-style u-btn-2\">wi\u0119cej<\/a>\n              <\/div>\n            <\/div>\n            <div class=\"u-blog-post u-border-1 u-border-white u-container-style u-custom-color-2 u-repeater-item u-video-cover\">\n              <div class=\"u-container-layout u-similar-container u-container-layout-3\"><a class=\"u-blog-control u-expanded-width u-image u-image-default lazyload u-image-3\" href=\"https:\/\/www.nzzg.com.pl\/index.php\/2025\/12\/10\/zabawa-karnawalowa-2026-r\/\">\n                <img alt=\"\" class=\"u-blog-control u-expanded-width u-image u-image-default lazyload u-image-3\" data-src=\"https:\/\/www.nzzg.com.pl\/wp-content\/uploads\/2025\/12\/photo-1659700560659-9f8ef93aced2.jpeg\" loading=\"lazy\"><\/a>\n                <h4 class=\"u-align-center u-blog-control u-text u-text-3\">\n                  <a class=\"u-post-header-link\" href=\"https:\/\/www.nzzg.com.pl\/index.php\/2025\/12\/10\/zabawa-karnawalowa-2026-r\/\">Zabawa Karnawa\u0142owa 2026 r.<\/a>\n                <\/h4>\n                <div class=\"u-align-center-xs u-blog-control u-metadata u-metadata-3\"><span class=\"u-meta-date u-meta-icon\">10 grudnia, 2025<\/span>\n                <\/div>\n                <a href=\"https:\/\/www.nzzg.com.pl\/index.php\/2025\/12\/10\/zabawa-karnawalowa-2026-r\/\" class=\"u-align-center u-blog-control u-btn u-button-style u-btn-3\">wi\u0119cej<\/a>\n              <\/div>\n            <\/div>\n            <div class=\"u-blog-post u-border-1 u-border-white u-container-style u-custom-color-2 u-repeater-item u-video-cover\">\n              <div class=\"u-container-layout u-similar-container u-container-layout-4\"><a class=\"u-blog-control u-expanded-width u-image u-image-default lazyload u-image-4\" href=\"https:\/\/www.nzzg.com.pl\/index.php\/2025\/11\/28\/spor-zbiorowy-w-kwb-turow-zakonczony-porozumieniem\/\">\n                <img alt=\"\" class=\"u-blog-control u-expanded-width u-image u-image-default lazyload u-image-4\" data-src=\"https:\/\/www.nzzg.com.pl\/wp-content\/uploads\/2025\/11\/b433c5e5583c9168ea0a081408c4468fcd0d48e061d0861af653ada8f3640ff702e375b923e0857a0c42122cccee170f00b0d756ec285c64693a95_1280.jpg\" loading=\"lazy\"><\/a>\n                <h4 class=\"u-align-center u-blog-control u-text u-text-4\">\n                  <a class=\"u-post-header-link\" href=\"https:\/\/www.nzzg.com.pl\/index.php\/2025\/11\/28\/spor-zbiorowy-w-kwb-turow-zakonczony-porozumieniem\/\">Sp\u00f3r zbiorowy w KWB Tur\u00f3w zako\u0144czony porozumieniem<\/a>\n                <\/h4>\n                <div class=\"u-align-center-xs u-blog-control u-metadata u-metadata-4\"><span class=\"u-meta-date u-meta-icon\">28 listopada, 2025<\/span>\n                <\/div>\n                <a href=\"https:\/\/www.nzzg.com.pl\/index.php\/2025\/11\/28\/spor-zbiorowy-w-kwb-turow-zakonczony-porozumieniem\/\" class=\"u-align-center u-blog-control u-btn u-button-style u-btn-4\">wi\u0119cej<\/a>\n              <\/div>\n            <\/div>\n            <div class=\"u-blog-post u-border-1 u-border-white u-container-style u-custom-color-2 u-repeater-item u-video-cover\">\n              <div class=\"u-container-layout u-similar-container u-container-layout-5\"><a class=\"u-blog-control u-expanded-width u-image u-image-default lazyload u-image-5\" href=\"https:\/\/www.nzzg.com.pl\/index.php\/2025\/11\/08\/festiwal-kwiatow-w-holandii\/\">\n                <img alt=\"\" class=\"u-blog-control u-expanded-width u-image u-image-default lazyload u-image-5\" data-src=\"https:\/\/www.nzzg.com.pl\/wp-content\/uploads\/2025\/11\/photo-1642662152907-6ee5e10d0e43.jpeg\" loading=\"lazy\"><\/a>\n                <h4 class=\"u-align-center u-blog-control u-text u-text-5\">\n                  <a class=\"u-post-header-link\" href=\"https:\/\/www.nzzg.com.pl\/index.php\/2025\/11\/08\/festiwal-kwiatow-w-holandii\/\">Festiwal kwiat\u00f3w w Holandii<\/a>\n                <\/h4>\n                <div class=\"u-align-center-xs u-blog-control u-metadata u-metadata-5\"><span class=\"u-meta-date u-meta-icon\">8 listopada, 2025<\/span>\n                <\/div>\n                <a href=\"https:\/\/www.nzzg.com.pl\/index.php\/2025\/11\/08\/festiwal-kwiatow-w-holandii\/\" class=\"u-align-center u-blog-control u-btn u-button-style u-btn-5\">wi\u0119cej<\/a>\n              <\/div>\n            <\/div>\n            <div class=\"u-blog-post u-border-1 u-border-white u-container-style u-custom-color-2 u-repeater-item u-video-cover\">\n              <div class=\"u-container-layout u-similar-container u-container-layout-6\"><a class=\"u-blog-control u-expanded-width u-image u-image-default lazyload u-image-6\" href=\"https:\/\/www.nzzg.com.pl\/index.php\/2025\/11\/08\/magiczna-malta\/\">\n                <img alt=\"\" class=\"u-blog-control u-expanded-width u-image u-image-default lazyload u-image-6\" data-src=\"https:\/\/www.nzzg.com.pl\/wp-content\/uploads\/2025\/11\/photo-1587974928552-4f4aac51b45d.jpeg\" loading=\"lazy\"><\/a>\n                <h4 class=\"u-align-center u-blog-control u-text u-text-6\">\n                  <a class=\"u-post-header-link\" href=\"https:\/\/www.nzzg.com.pl\/index.php\/2025\/11\/08\/magiczna-malta\/\">Magiczna Malta<\/a>\n                <\/h4>\n                <div class=\"u-align-center-xs u-blog-control u-metadata u-metadata-6\"><span class=\"u-meta-date u-meta-icon\">8 listopada, 2025<\/span>\n                <\/div>\n                <a href=\"https:\/\/www.nzzg.com.pl\/index.php\/2025\/11\/08\/magiczna-malta\/\" class=\"u-align-center u-blog-control u-btn u-button-style u-btn-6\">wi\u0119cej<\/a>\n              <\/div>\n            <\/div>\n            <div class=\"u-blog-post u-border-1 u-border-white u-container-style u-custom-color-2 u-repeater-item u-repeater-item-1\">\n              <div class=\"u-container-layout u-similar-container u-container-layout-1\"><a class=\"u-blog-control u-expanded-width u-image u-image-default lazyload u-image-1\" href=\"https:\/\/www.nzzg.com.pl\/index.php\/2025\/11\/08\/maroko-wrota-afryki\/\">\n                <img alt=\"\" class=\"u-blog-control u-expanded-width u-image u-image-default lazyload u-image-1\" data-src=\"https:\/\/www.nzzg.com.pl\/wp-content\/uploads\/2025\/11\/photo-1626695436755-3e288720849c.jpeg\" loading=\"lazy\"><\/a>\n                <h4 class=\"u-align-center u-blog-control u-text u-text-1\">\n                  <a class=\"u-post-header-link\" href=\"https:\/\/www.nzzg.com.pl\/index.php\/2025\/11\/08\/maroko-wrota-afryki\/\">Maroko - wrota Afryki<\/a>\n                <\/h4>\n                <div class=\"u-align-center-xs u-blog-control u-metadata u-metadata-1\"><span class=\"u-meta-date u-meta-icon\">8 listopada, 2025<\/span>\n                <\/div>\n                <a href=\"https:\/\/www.nzzg.com.pl\/index.php\/2025\/11\/08\/maroko-wrota-afryki\/\" class=\"u-align-center u-blog-control u-btn u-button-style u-btn-1\">wi\u0119cej<\/a>\n              <\/div>\n            <\/div>\n            <div class=\"u-blog-post u-border-1 u-border-white u-container-style u-custom-color-2 u-repeater-item u-video-cover\">\n              <div class=\"u-container-layout u-similar-container u-container-layout-2\"><a class=\"u-blog-control u-expanded-width u-image u-image-default lazyload u-image-2\" href=\"https:\/\/www.nzzg.com.pl\/index.php\/2025\/08\/22\/komunikat-nr-1\/\">\n                <img alt=\"\" class=\"u-blog-control u-expanded-width u-image u-image-default lazyload u-image-2\" data-src=\"https:\/\/www.nzzg.com.pl\/wp-content\/uploads\/2025\/08\/IMG-20250822-WA0003.jpg\" loading=\"lazy\"><\/a>\n                <h4 class=\"u-align-center u-blog-control u-text u-text-2\">\n                  <a class=\"u-post-header-link\" href=\"https:\/\/www.nzzg.com.pl\/index.php\/2025\/08\/22\/komunikat-nr-1\/\">Komunikat nr.1<\/a>\n                <\/h4>\n                <div class=\"u-align-center-xs u-blog-control u-metadata u-metadata-2\"><span class=\"u-meta-date u-meta-icon\">22 sierpnia, 2025<\/span>\n                <\/div>\n                <a href=\"https:\/\/www.nzzg.com.pl\/index.php\/2025\/08\/22\/komunikat-nr-1\/\" class=\"u-align-center u-blog-control u-btn u-button-style u-btn-2\">wi\u0119cej<\/a>\n              <\/div>\n            <\/div>\n            <div class=\"u-blog-post u-border-1 u-border-white u-container-style u-custom-color-2 u-repeater-item u-video-cover\">\n              <div class=\"u-container-layout u-similar-container u-container-layout-3\"><a class=\"u-blog-control u-expanded-width u-image u-image-default lazyload u-image-3\" href=\"https:\/\/www.nzzg.com.pl\/index.php\/2025\/08\/22\/spor-zbiorowy\/\">\n                <img alt=\"\" class=\"u-blog-control u-expanded-width u-image u-image-default lazyload u-image-3\" data-src=\"https:\/\/www.nzzg.com.pl\/wp-content\/uploads\/2025\/08\/IMG-20250822-WA0001.jpg\" loading=\"lazy\"><\/a>\n                <h4 class=\"u-align-center u-blog-control u-text u-text-3\">\n                  <a class=\"u-post-header-link\" href=\"https:\/\/www.nzzg.com.pl\/index.php\/2025\/08\/22\/spor-zbiorowy\/\">Sp\u00f3r zbiorowy...<\/a>\n                <\/h4>\n                <div class=\"u-align-center-xs u-blog-control u-metadata u-metadata-3\"><span class=\"u-meta-date u-meta-icon\">22 sierpnia, 2025<\/span>\n                <\/div>\n                <a href=\"https:\/\/www.nzzg.com.pl\/index.php\/2025\/08\/22\/spor-zbiorowy\/\" class=\"u-align-center u-blog-control u-btn u-button-style u-btn-3\">wi\u0119cej<\/a>\n              <\/div>\n            <\/div>\n          <\/div>\n          <div class=\"u-list-control\"><\/div>\n        <\/div>\n      <\/div>\n    <\/section>\n    \n    \n    \n  \n","protected":false},"excerpt":{"rendered":"<p>Wycieczka jednodniowa 24 marca, 2026 wi\u0119cej 15 edycja Dnia Kobiet 17 stycznia, 2026 wi\u0119cej Zabawa Karnawa\u0142owa 2026 r. 10 grudnia, 2025 wi\u0119cej Sp\u00f3r zbiorowy w KWB Tur\u00f3w zako\u0144czony porozumieniem 28 listopada, 2025 wi\u0119cej Festiwal kwiat\u00f3w w Holandii 8 listopada, 2025 wi\u0119cej Magiczna Malta 8 listopada, 2025 wi\u0119cej Maroko &#8211; wrota Afryki 8 listopada, 2025 wi\u0119cej &hellip; <a href=\"https:\/\/www.nzzg.com.pl\/\" class=\"more-link\">Continue reading<span class=\"screen-reader-text\"> &#8222;HOME&#8221;<\/span><\/a><\/p>\n","protected":false},"author":1,"featured_media":0,"parent":0,"menu_order":9,"comment_status":"closed","ping_status":"closed","template":"","meta":{"ngg_post_thumbnail":0,"footnotes":""},"class_list":["post-45","page","type-page","status-publish","hentry"],"_links":{"self":[{"href":"https:\/\/www.nzzg.com.pl\/index.php\/wp-json\/wp\/v2\/pages\/45","targetHints":{"allow":["GET"]}}],"collection":[{"href":"https:\/\/www.nzzg.com.pl\/index.php\/wp-json\/wp\/v2\/pages"}],"about":[{"href":"https:\/\/www.nzzg.com.pl\/index.php\/wp-json\/wp\/v2\/types\/page"}],"author":[{"embeddable":true,"href":"https:\/\/www.nzzg.com.pl\/index.php\/wp-json\/wp\/v2\/users\/1"}],"replies":[{"embeddable":true,"href":"https:\/\/www.nzzg.com.pl\/index.php\/wp-json\/wp\/v2\/comments?post=45"}],"version-history":[{"count":122,"href":"https:\/\/www.nzzg.com.pl\/index.php\/wp-json\/wp\/v2\/pages\/45\/revisions"}],"predecessor-version":[{"id":652,"href":"https:\/\/www.nzzg.com.pl\/index.php\/wp-json\/wp\/v2\/pages\/45\/revisions\/652"}],"wp:attachment":[{"href":"https:\/\/www.nzzg.com.pl\/index.php\/wp-json\/wp\/v2\/media?parent=45"}],"curies":[{"name":"wp","href":"https:\/\/api.w.org\/{rel}","templated":true}]}}