{"id":46,"date":"2024-09-03T13:32:57","date_gmt":"2024-09-03T13:32:57","guid":{"rendered":"https:\/\/www.nzzg.com.pl\/index.php\/wladze\/"},"modified":"2024-09-03T13:32:59","modified_gmt":"2024-09-03T13:32:59","slug":"wladze","status":"publish","type":"page","link":"https:\/\/www.nzzg.com.pl\/index.php\/wladze\/","title":{"rendered":"W\u0141ADZE"},"content":{"rendered":"\n  \n    <section class=\"u-clearfix u-custom-color-1 u-section-1\" id=\"sec-80df\">\n      <div class=\"u-clearfix u-sheet u-sheet-1\">\n        <div class=\"data-layout-selected u-clearfix u-expanded-width u-gutter-10 u-layout-wrap u-layout-wrap-1\">\n          <div class=\"u-gutter-0 u-layout\">\n            <div class=\"u-layout-col\">\n              <div class=\"u-size-20\">\n                <div class=\"u-layout-row\">\n                  <div class=\"u-container-style u-layout-cell u-size-60 u-layout-cell-1\">\n                    <div class=\"u-border-1 u-border-white u-container-layout u-container-layout-1\">\n                      <h5 class=\"u-align-center u-text u-text-1\">\n                        <font><b>Prezydium\nNZZG KWB Tur\u00f3w<\/b>\n                        <\/font>\n                      <\/h5>\n                      <ul class=\"u-align-left u-text u-text-2\">\n                        <li> Piotr Woeltz \u2013\nPrzewodnicz\u0105cy NZZG KWB Tur\u00f3w&nbsp;<\/li>\n                        <li>Pawe\u0142\nGo\u017adziak \u2013 Wiceprzewodnicz\u0105cy&nbsp;<\/li>\n                        <li>Ewa\nKloczkowska \u2013 Wiceprzewodnicz\u0105ca&nbsp;<\/li>\n                        <li>Adam\nStojak \u2013 Wiceprzewodnicz\u0105cy&nbsp;<\/li>\n                        <li>Grzegorz\nTyszkiewicz \u2013 Wiceprzewodnicz\u0105cy&nbsp;<\/li>\n                        <li>Jaros\u0142aw\nZalewski \u2013 Wiceprzewodnicz\u0105cy&nbsp;<\/li>\n                        <li>Zbigniew\nBiernacki <a name=\"Bookmark\" class=\"u-active-none u-border-none u-btn u-button-style u-hover-none u-none u-btn-1\"><\/a>&nbsp;\n                        <\/li>\n                        <li>Joanna Fronczak<\/li>\n                        <li>Grzegorz\nFudali&nbsp;<\/li>\n                        <li>Janusz\nOlejarz<\/li>\n                      <\/ul>\n                    <\/div>\n                  <\/div>\n                <\/div>\n              <\/div>\n              <div class=\"u-size-20\">\n                <div class=\"u-layout-row\">\n                  <div class=\"u-container-style u-layout-cell u-size-30 u-layout-cell-2\">\n                    <div class=\"u-border-1 u-border-white u-container-layout u-valign-bottom u-container-layout-2\">\n                      <h5 class=\"u-align-center u-text u-text-3\">\n                        <font><b>Cz\u0142onkowie\nZarz\u0105du NZZG KWB Tur\u00f3w<\/b>\n                        <\/font>\n                        <font><b>XI\nKadencji 2023-2028<\/b>\n                        <\/font>\n                      <\/h5>\n                      <ul class=\"u-text u-text-4\">\n                        <li> Artur\nBaran<\/li>\n                        <li>Damian\nB\u0105k<\/li>\n                        <li>Marzena\nBiele\u0144<\/li>\n                        <li>Zbigniew\nBiernacki<\/li>\n                        <li>Iwona\nBryndzia<\/li>\n                        <li>Jolanta\nBremensztul<\/li>\n                        <li>Ala\nCzajkowska<\/li>\n                        <li>Joanna\nFronczak<\/li>\n                        <li>Grzegorz\nFudali<\/li>\n                        <li>Pawe\u0142\nGo\u017adziak<\/li>\n                        <li>Daniel\nGrzegorzewski<\/li>\n                        <li>Henryk\nIzydorczyk<\/li>\n                        <li>Ewa\nKloczkowska<\/li>\n                        <li>Miros\u0142aw\nKotl\u0119ga<\/li>\n                        <li>Artur\nKochanowski<\/li>\n                        <li>Rafa\u0142\nKurek<\/li>\n                        <li>Konrad Le\u015bniewski<\/li>\n                      <\/ul>\n                    <\/div>\n                  <\/div>\n                  <div class=\"u-container-style u-layout-cell u-size-30 u-layout-cell-3\">\n                    <div class=\"u-border-1 u-border-white u-container-layout u-valign-bottom u-container-layout-3\">\n                      <h5 class=\"u-align-center u-text u-text-5\">\n                        <font><b>Cz\u0142onkowie\nZarz\u0105du NZZG KWB Tur\u00f3w<\/b>\n                        <\/font>\n                        <font><b>XI\nKadencji 2023-2028<\/b>\n                        <\/font>\n                      <\/h5>\n                      <ul class=\"u-text u-text-6\">\n                        <li> S\u0142awomir Milewicz<\/li>\n                        <li>Dariusz\nMi\u0142oszewski<\/li>\n                        <li>Marcin\nMazur<\/li>\n                        <li>Ewa\nMiku\u0142ko<\/li>\n                        <li>Izabela\nMogilnicka<\/li>\n                        <li>Marcin\nNiechwiej<\/li>\n                        <li>Piotr\nNiklewicz<\/li>\n                        <li>Janusz\nOlejarz<\/li>\n                        <li>Artur\nSkrz\u0119ta<\/li>\n                        <li>Adam\nStojak<\/li>\n                        <li>Zdzis\u0142aw\nSutryk<\/li>\n                        <li>Tomasz\nSzmytka<\/li>\n                        <li>Grzegorz\nTyszkiewicz<\/li>\n                        <li>Barbara\nW\u00f3jcicka<\/li>\n                        <li>Piotr\nWoeltz<\/li>\n                        <li>Emilian\nWojdat<\/li>\n                        <li>Jaros\u0142aw\nZalewski <\/li>\n                      <\/ul>\n                    <\/div>\n                  <\/div>\n                <\/div>\n              <\/div>\n              <div class=\"u-size-20\">\n                <div class=\"u-layout-row\">\n                  <div class=\"u-container-style u-layout-cell u-size-60 u-layout-cell-4\">\n                    <div class=\"u-border-1 u-border-white u-container-layout u-container-layout-4\">\n                      <h5 class=\"u-align-center u-text u-text-7\">\n                        <font><b>Cz\u0142onkowie\nKomisji Rewizyjnej NZZG KWB Tur\u00f3w<\/b>\n                        <\/font>\n                      <\/h5>\n                      <ul class=\"u-align-left u-text u-text-default u-text-8\">\n                        <li> Ewa\nWi\u015bniewska\u2013 Przewodnicz\u0105ca&nbsp;<\/li>\n                        <li>Beata\nMiszczyk\u2013 Wiceprzewodnicz\u0105ca&nbsp;<\/li>\n                        <li>Bogus\u0142aw\nPiwnicki<\/li>\n                        <li>Jan\nDoroszczak&nbsp;<\/li>\n                        <li>Piotr\nWojew\u00f3dka<\/li>\n                      <\/ul>\n                    <\/div>\n                  <\/div>\n                <\/div>\n              <\/div>\n            <\/div>\n          <\/div>\n        <\/div>\n      <\/div>\n    <\/section>\n    \n    \n    \n    \n  \n","protected":false},"excerpt":{"rendered":"<p>Prezydium NZZG KWB Tur\u00f3w Piotr Woeltz \u2013 Przewodnicz\u0105cy NZZG KWB Tur\u00f3w&nbsp; Pawe\u0142 Go\u017adziak \u2013 Wiceprzewodnicz\u0105cy&nbsp; Ewa Kloczkowska \u2013 Wiceprzewodnicz\u0105ca&nbsp; Adam Stojak \u2013 Wiceprzewodnicz\u0105cy&nbsp; Grzegorz Tyszkiewicz \u2013 Wiceprzewodnicz\u0105cy&nbsp; Jaros\u0142aw Zalewski \u2013 Wiceprzewodnicz\u0105cy&nbsp; Zbigniew Biernacki &nbsp; Joanna Fronczak Grzegorz Fudali&nbsp; Janusz Olejarz Cz\u0142onkowie Zarz\u0105du NZZG KWB Tur\u00f3w XI Kadencji 2023-2028 Artur Baran Damian B\u0105k Marzena Biele\u0144 Zbigniew &hellip; <a href=\"https:\/\/www.nzzg.com.pl\/index.php\/wladze\/\" class=\"more-link\">Continue reading<span class=\"screen-reader-text\"> &#8222;W\u0141ADZE&#8221;<\/span><\/a><\/p>\n","protected":false},"author":1,"featured_media":0,"parent":0,"menu_order":10,"comment_status":"closed","ping_status":"closed","template":"","meta":{"ngg_post_thumbnail":0,"footnotes":""},"class_list":["post-46","page","type-page","status-publish","hentry"],"_links":{"self":[{"href":"https:\/\/www.nzzg.com.pl\/index.php\/wp-json\/wp\/v2\/pages\/46","targetHints":{"allow":["GET"]}}],"collection":[{"href":"https:\/\/www.nzzg.com.pl\/index.php\/wp-json\/wp\/v2\/pages"}],"about":[{"href":"https:\/\/www.nzzg.com.pl\/index.php\/wp-json\/wp\/v2\/types\/page"}],"author":[{"embeddable":true,"href":"https:\/\/www.nzzg.com.pl\/index.php\/wp-json\/wp\/v2\/users\/1"}],"replies":[{"embeddable":true,"href":"https:\/\/www.nzzg.com.pl\/index.php\/wp-json\/wp\/v2\/comments?post=46"}],"version-history":[{"count":1,"href":"https:\/\/www.nzzg.com.pl\/index.php\/wp-json\/wp\/v2\/pages\/46\/revisions"}],"predecessor-version":[{"id":56,"href":"https:\/\/www.nzzg.com.pl\/index.php\/wp-json\/wp\/v2\/pages\/46\/revisions\/56"}],"wp:attachment":[{"href":"https:\/\/www.nzzg.com.pl\/index.php\/wp-json\/wp\/v2\/media?parent=46"}],"curies":[{"name":"wp","href":"https:\/\/api.w.org\/{rel}","templated":true}]}}